{"id":112277,"date":"2023-09-04T14:18:36","date_gmt":"2023-09-04T14:18:36","guid":{"rendered":"https:\/\/www.novaplazacc.com\/?page_id=112277"},"modified":"2025-04-05T05:02:58","modified_gmt":"2025-04-05T05:02:58","slug":"vision-gallery","status":"publish","type":"page","link":"https:\/\/www.novaplazacc.com\/?page_id=112277","title":{"rendered":"Vision Gallery"},"content":{"rendered":"\t\t<div data-elementor-type=\"wp-page\" data-elementor-id=\"112277\" class=\"elementor elementor-112277\">\n\t\t\t\t\t\t<section class=\"elementor-section elementor-top-section elementor-element elementor-element-9e0aa62 elementor-section-full_width elementor-section-stretched elementor-section-height-default elementor-section-height-default wpr-jarallax-no wpr-parallax-no wpr-sticky-section-no\" data-id=\"9e0aa62\" data-element_type=\"section\" data-settings=\"{&quot;stretch_section&quot;:&quot;section-stretched&quot;,&quot;background_background&quot;:&quot;classic&quot;}\">\n\t\t\t\t\t\t<div class=\"elementor-container elementor-column-gap-default\">\n\t\t\t\t\t<div class=\"elementor-column elementor-col-50 elementor-top-column elementor-element elementor-element-2b72d8e\" data-id=\"2b72d8e\" data-element_type=\"column\" data-settings=\"{&quot;background_background&quot;:&quot;classic&quot;}\">\n\t\t\t<div class=\"elementor-widget-wrap elementor-element-populated\">\n\t\t\t\t\t\t<div class=\"elementor-element elementor-element-433bc88 elementor-widget elementor-widget-image\" data-id=\"433bc88\" data-element_type=\"widget\" data-widget_type=\"image.default\">\n\t\t\t\t<div class=\"elementor-widget-container\">\n\t\t\t\t\t\t\t\t\t\t\t\t\t\t\t<img decoding=\"async\" width=\"200\" height=\"200\" src=\"https:\/\/www.novaplazacc.com\/wp-content\/uploads\/2023\/09\/logo-transparente.png\" class=\"attachment-large size-large wp-image-112284\" alt=\"\" srcset=\"https:\/\/www.novaplazacc.com\/wp-content\/uploads\/2023\/09\/logo-transparente.png 200w, https:\/\/www.novaplazacc.com\/wp-content\/uploads\/2023\/09\/logo-transparente-150x150.png 150w, https:\/\/www.novaplazacc.com\/wp-content\/uploads\/2023\/09\/logo-transparente-100x100.png 100w\" sizes=\"(max-width: 200px) 100vw, 200px\" \/>\t\t\t\t\t\t\t\t\t\t\t\t\t\t\t<\/div>\n\t\t\t\t<\/div>\n\t\t\t\t\t<\/div>\n\t\t<\/div>\n\t\t\t\t<div class=\"elementor-column elementor-col-50 elementor-top-column elementor-element elementor-element-b4c1778\" data-id=\"b4c1778\" data-element_type=\"column\">\n\t\t\t<div class=\"elementor-widget-wrap\">\n\t\t\t\t\t\t\t<\/div>\n\t\t<\/div>\n\t\t\t\t\t<\/div>\n\t\t<\/section>\n\t\t\t\t<section class=\"elementor-section elementor-top-section elementor-element elementor-element-7587d5a2 elementor-section-stretched elementor-section-boxed elementor-section-height-default elementor-section-height-default wpr-particle-no wpr-jarallax-no wpr-parallax-no wpr-sticky-section-no\" data-id=\"7587d5a2\" data-element_type=\"section\" data-settings=\"{&quot;background_background&quot;:&quot;gradient&quot;,&quot;stretch_section&quot;:&quot;section-stretched&quot;}\">\n\t\t\t\t\t\t\t<div class=\"elementor-background-overlay\"><\/div>\n\t\t\t\t\t\t\t<div class=\"elementor-container elementor-column-gap-default\">\n\t\t\t\t\t<div class=\"elementor-column elementor-col-50 elementor-top-column elementor-element elementor-element-1c541bbb\" data-id=\"1c541bbb\" data-element_type=\"column\">\n\t\t\t<div class=\"elementor-widget-wrap elementor-element-populated\">\n\t\t\t\t\t\t<div class=\"elementor-element elementor-element-7603eb92 elementor-widget elementor-widget-image\" data-id=\"7603eb92\" data-element_type=\"widget\" data-widget_type=\"image.default\">\n\t\t\t\t<div class=\"elementor-widget-container\">\n\t\t\t\t\t\t\t\t\t\t\t\t\t\t\t<img fetchpriority=\"high\" decoding=\"async\" width=\"960\" height=\"639\" src=\"https:\/\/www.novaplazacc.com\/wp-content\/uploads\/2023\/09\/kid-1508121_1280-1024x682.jpg\" class=\"attachment-large size-large wp-image-112301\" alt=\"\" srcset=\"https:\/\/www.novaplazacc.com\/wp-content\/uploads\/2023\/09\/kid-1508121_1280-1024x682.jpg 1024w, https:\/\/www.novaplazacc.com\/wp-content\/uploads\/2023\/09\/kid-1508121_1280-300x200.jpg 300w, https:\/\/www.novaplazacc.com\/wp-content\/uploads\/2023\/09\/kid-1508121_1280-768x512.jpg 768w, https:\/\/www.novaplazacc.com\/wp-content\/uploads\/2023\/09\/kid-1508121_1280-600x400.jpg 600w, https:\/\/www.novaplazacc.com\/wp-content\/uploads\/2023\/09\/kid-1508121_1280.jpg 1280w\" sizes=\"(max-width: 960px) 100vw, 960px\" \/>\t\t\t\t\t\t\t\t\t\t\t\t\t\t\t<\/div>\n\t\t\t\t<\/div>\n\t\t\t\t\t<\/div>\n\t\t<\/div>\n\t\t\t\t<div class=\"elementor-column elementor-col-50 elementor-top-column elementor-element elementor-element-13f3f767\" data-id=\"13f3f767\" data-element_type=\"column\" data-settings=\"{&quot;background_background&quot;:&quot;classic&quot;}\">\n\t\t\t<div class=\"elementor-widget-wrap elementor-element-populated\">\n\t\t\t\t\t\t<div class=\"elementor-element elementor-element-3d3b69ea elementor-widget elementor-widget-heading\" data-id=\"3d3b69ea\" data-element_type=\"widget\" data-widget_type=\"heading.default\">\n\t\t\t\t<div class=\"elementor-widget-container\">\n\t\t\t\t\t<h2 class=\"elementor-heading-title elementor-size-default\">\u00a1Bienvenido a Vision Gallery<\/h2>\t\t\t\t<\/div>\n\t\t\t\t<\/div>\n\t\t\t\t<div class=\"elementor-element elementor-element-19ee4ce7 elementor-widget elementor-widget-text-editor\" data-id=\"19ee4ce7\" data-element_type=\"widget\" data-widget_type=\"text-editor.default\">\n\t\t\t\t<div class=\"elementor-widget-container\">\n\t\t\t\t\t\t\t\t\t<p>Somos una \u00f3ptica dedicada a la salud visual, donde se maneja examen computarizado, personalizado, para el diagn\u00f3stico patol\u00f3gico y refractivo, de cada uno de nuestros pacientes. Dando as\u00ed una asesor\u00eda de concientizaci\u00f3n y buen uso de lentes en las diferentes actividades dictadas por opt\u00f3metras profesionales.<\/p>\t\t\t\t\t\t\t\t<\/div>\n\t\t\t\t<\/div>\n\t\t\t\t\t<\/div>\n\t\t<\/div>\n\t\t\t\t\t<\/div>\n\t\t<\/section>\n\t\t\t\t<section class=\"elementor-section elementor-top-section elementor-element elementor-element-c953d6c elementor-section-boxed elementor-section-height-default elementor-section-height-default wpr-particle-no wpr-jarallax-no wpr-parallax-no wpr-sticky-section-no\" data-id=\"c953d6c\" data-element_type=\"section\">\n\t\t\t\t\t\t<div class=\"elementor-container elementor-column-gap-default\">\n\t\t\t\t\t<div class=\"elementor-column elementor-col-33 elementor-top-column elementor-element elementor-element-42db668\" data-id=\"42db668\" data-element_type=\"column\">\n\t\t\t<div class=\"elementor-widget-wrap elementor-element-populated\">\n\t\t\t\t\t\t<div class=\"elementor-element elementor-element-05ad3ac elementor-widget elementor-widget-image\" data-id=\"05ad3ac\" data-element_type=\"widget\" data-widget_type=\"image.default\">\n\t\t\t\t<div class=\"elementor-widget-container\">\n\t\t\t\t\t\t\t\t\t\t\t\t\t\t\t<img decoding=\"async\" src=\"https:\/\/www.novaplazacc.com\/wp-content\/uploads\/2023\/09\/WhatsApp-Image-2023-09-01-at-2.20.17-PM-300x300.jpeg\" title=\"WhatsApp Image 2023-09-01 at 2.20.17 PM\" alt=\"WhatsApp Image 2023-09-01 at 2.20.17 PM\" loading=\"lazy\" \/>\t\t\t\t\t\t\t\t\t\t\t\t\t\t\t<\/div>\n\t\t\t\t<\/div>\n\t\t\t\t<div class=\"elementor-element elementor-element-d182f44 elementor-view-default elementor-position-top elementor-mobile-position-top elementor-widget elementor-widget-icon-box\" data-id=\"d182f44\" data-element_type=\"widget\" data-widget_type=\"icon-box.default\">\n\t\t\t\t<div class=\"elementor-widget-container\">\n\t\t\t\t\t\t\t<div class=\"elementor-icon-box-wrapper\">\n\n\t\t\t\t\t\t<div class=\"elementor-icon-box-icon\">\n\t\t\t\t<span  class=\"elementor-icon\">\n\t\t\t\t<i aria-hidden=\"true\" class=\"icon icon-map-marker1\"><\/i>\t\t\t\t<\/span>\n\t\t\t<\/div>\n\t\t\t\n\t\t\t\t\t\t<div class=\"elementor-icon-box-content\">\n\n\t\t\t\t\t\t\t\t\t<h3 class=\"elementor-icon-box-title\">\n\t\t\t\t\t\t<span  >\n\t\t\t\t\t\t\tCalle 5 n 5- 67 local 2 <br> Tel. 317 780 8590\t\t\t\t\t\t<\/span>\n\t\t\t\t\t<\/h3>\n\t\t\t\t\n\t\t\t\t\t\t\t\t\t<p class=\"elementor-icon-box-description\">\n\t\t\t\t\t\tMADRID\t\t\t\t\t<\/p>\n\t\t\t\t\n\t\t\t<\/div>\n\t\t\t\n\t\t<\/div>\n\t\t\t\t\t\t<\/div>\n\t\t\t\t<\/div>\n\t\t\t\t\t<\/div>\n\t\t<\/div>\n\t\t\t\t<div class=\"elementor-column elementor-col-33 elementor-top-column elementor-element elementor-element-855b11b\" data-id=\"855b11b\" data-element_type=\"column\">\n\t\t\t<div class=\"elementor-widget-wrap elementor-element-populated\">\n\t\t\t\t\t\t<div class=\"elementor-element elementor-element-dfd57c2 elementor-widget elementor-widget-image\" data-id=\"dfd57c2\" data-element_type=\"widget\" data-widget_type=\"image.default\">\n\t\t\t\t<div class=\"elementor-widget-container\">\n\t\t\t\t\t\t\t\t\t\t\t\t\t\t\t<img decoding=\"async\" width=\"274\" height=\"300\" src=\"https:\/\/www.novaplazacc.com\/wp-content\/uploads\/2023\/09\/WhatsApp-Image-2023-09-01-at-2.20.56-PM-274x300.jpeg\" class=\"attachment-medium size-medium wp-image-112316\" alt=\"\" srcset=\"https:\/\/www.novaplazacc.com\/wp-content\/uploads\/2023\/09\/WhatsApp-Image-2023-09-01-at-2.20.56-PM-274x300.jpeg 274w, https:\/\/www.novaplazacc.com\/wp-content\/uploads\/2023\/09\/WhatsApp-Image-2023-09-01-at-2.20.56-PM-600x657.jpeg 600w, https:\/\/www.novaplazacc.com\/wp-content\/uploads\/2023\/09\/WhatsApp-Image-2023-09-01-at-2.20.56-PM.jpeg 761w\" sizes=\"(max-width: 274px) 100vw, 274px\" \/>\t\t\t\t\t\t\t\t\t\t\t\t\t\t\t<\/div>\n\t\t\t\t<\/div>\n\t\t\t\t<div class=\"elementor-element elementor-element-68243fb elementor-view-default elementor-position-top elementor-mobile-position-top elementor-widget elementor-widget-icon-box\" data-id=\"68243fb\" data-element_type=\"widget\" data-widget_type=\"icon-box.default\">\n\t\t\t\t<div class=\"elementor-widget-container\">\n\t\t\t\t\t\t\t<div class=\"elementor-icon-box-wrapper\">\n\n\t\t\t\t\t\t<div class=\"elementor-icon-box-icon\">\n\t\t\t\t<span  class=\"elementor-icon\">\n\t\t\t\t<i aria-hidden=\"true\" class=\"icon icon-map-marker1\"><\/i>\t\t\t\t<\/span>\n\t\t\t<\/div>\n\t\t\t\n\t\t\t\t\t\t<div class=\"elementor-icon-box-content\">\n\n\t\t\t\t\t\t\t\t\t<h3 class=\"elementor-icon-box-title\">\n\t\t\t\t\t\t<span  >\n\t\t\t\t\t\t\tCentro Comercial Mi Centro local 246 <br>Tel. 315 632 0804\t\t\t\t\t\t<\/span>\n\t\t\t\t\t<\/h3>\n\t\t\t\t\n\t\t\t\t\t\t\t\t\t<p class=\"elementor-icon-box-description\">\n\t\t\t\t\t\tFUNZA\t\t\t\t\t<\/p>\n\t\t\t\t\n\t\t\t<\/div>\n\t\t\t\n\t\t<\/div>\n\t\t\t\t\t\t<\/div>\n\t\t\t\t<\/div>\n\t\t\t\t\t<\/div>\n\t\t<\/div>\n\t\t\t\t<div class=\"elementor-column elementor-col-33 elementor-top-column elementor-element elementor-element-290e948\" data-id=\"290e948\" data-element_type=\"column\">\n\t\t\t<div class=\"elementor-widget-wrap elementor-element-populated\">\n\t\t\t\t\t\t<div class=\"elementor-element elementor-element-97d9324 elementor-widget elementor-widget-image\" data-id=\"97d9324\" data-element_type=\"widget\" data-widget_type=\"image.default\">\n\t\t\t\t<div class=\"elementor-widget-container\">\n\t\t\t\t\t\t\t\t\t\t\t\t\t\t\t<img decoding=\"async\" src=\"https:\/\/www.novaplazacc.com\/wp-content\/uploads\/2023\/09\/WhatsApp-Image-2023-09-01-at-2.22.27-PM-300x300.jpeg\" title=\"WhatsApp Image 2023-09-01 at 2.22.27 PM\" alt=\"WhatsApp Image 2023-09-01 at 2.22.27 PM\" loading=\"lazy\" \/>\t\t\t\t\t\t\t\t\t\t\t\t\t\t\t<\/div>\n\t\t\t\t<\/div>\n\t\t\t\t<div class=\"elementor-element elementor-element-2f48987 elementor-view-default elementor-position-top elementor-mobile-position-top elementor-widget elementor-widget-icon-box\" data-id=\"2f48987\" data-element_type=\"widget\" data-widget_type=\"icon-box.default\">\n\t\t\t\t<div class=\"elementor-widget-container\">\n\t\t\t\t\t\t\t<div class=\"elementor-icon-box-wrapper\">\n\n\t\t\t\t\t\t<div class=\"elementor-icon-box-icon\">\n\t\t\t\t<span  class=\"elementor-icon\">\n\t\t\t\t<i aria-hidden=\"true\" class=\"icon icon-map-marker1\"><\/i>\t\t\t\t<\/span>\n\t\t\t<\/div>\n\t\t\t\n\t\t\t\t\t\t<div class=\"elementor-icon-box-content\">\n\n\t\t\t\t\t\t\t\t\t<h3 class=\"elementor-icon-box-title\">\n\t\t\t\t\t\t<span  >\n\t\t\t\t\t\t\tC.C NOVA PLAZA LOCAL 79-80<br>Tel. 310 856 2398\t\t\t\t\t\t<\/span>\n\t\t\t\t\t<\/h3>\n\t\t\t\t\n\t\t\t\t\t\t\t\t\t<p class=\"elementor-icon-box-description\">\n\t\t\t\t\t\tFACATATIV\u00c1\t\t\t\t\t<\/p>\n\t\t\t\t\n\t\t\t<\/div>\n\t\t\t\n\t\t<\/div>\n\t\t\t\t\t\t<\/div>\n\t\t\t\t<\/div>\n\t\t\t\t\t<\/div>\n\t\t<\/div>\n\t\t\t\t\t<\/div>\n\t\t<\/section>\n\t\t\t\t<\/div>\n\t\t","protected":false},"excerpt":{"rendered":"<p>\u00a1Bienvenido a Vision Gallery Somos una \u00f3ptica dedicada a la salud visual, donde se maneja examen computarizado, personalizado, para el diagn\u00f3stico patol\u00f3gico y refractivo, de cada uno de nuestros pacientes. Dando as\u00ed una asesor\u00eda de concientizaci\u00f3n y buen uso de lentes en las diferentes actividades dictadas por opt\u00f3metras profesionales. Calle 5 n 5- 67 local 2 Tel. 317 780 8590 MADRID Centro Comercial Mi Centro local 246 Tel. 315 632 0804 FUNZA C.C NOVA PLAZA LOCAL 79-80Tel. 310 856 2398 FACATATIV\u00c1<\/p>\n","protected":false},"author":1,"featured_media":0,"parent":0,"menu_order":0,"comment_status":"closed","ping_status":"closed","template":"","meta":{"footnotes":""},"class_list":["post-112277","page","type-page","status-publish","hentry"],"yoast_head":"<!-- This site is optimized with the Yoast SEO plugin v25.4 - https:\/\/yoast.com\/wordpress\/plugins\/seo\/ -->\n<title>Vision Gallery - Tel\u00e9fono 3108562398<\/title>\n<meta name=\"description\" content=\"Vision Gallery en Nova Plaza: Tu \u00f3ptica de confianza para ex\u00e1menes de la vista, lentes de contacto, gafas de dise\u00f1ador y m\u00e1s. Mejora tu visi\u00f3n y estilo con nosotros\" \/>\n<meta name=\"robots\" content=\"index, follow, max-snippet:-1, max-image-preview:large, max-video-preview:-1\" \/>\n<link rel=\"canonical\" href=\"https:\/\/www.novaplazacc.com\/?page_id=112277\" \/>\n<meta property=\"og:locale\" content=\"es_ES\" \/>\n<meta property=\"og:type\" content=\"article\" \/>\n<meta property=\"og:title\" content=\"Vision Gallery\" \/>\n<meta property=\"og:description\" content=\"Vision Gallery en Nova Plaza: Tu \u00f3ptica de confianza para ex\u00e1menes de la vista, lentes de contacto, gafas de dise\u00f1ador y m\u00e1s. Mejora tu visi\u00f3n y estilo con nosotros\" \/>\n<meta property=\"og:url\" content=\"https:\/\/www.novaplazacc.com\/?page_id=112277\" \/>\n<meta property=\"og:site_name\" content=\"Nova Plaza Centro Comercial\" \/>\n<meta property=\"article:publisher\" content=\"https:\/\/www.facebook.com\/NovaPlazaCentroComercial\" \/>\n<meta property=\"article:modified_time\" content=\"2025-04-05T05:02:58+00:00\" \/>\n<meta property=\"og:image\" content=\"https:\/\/www.novaplazacc.com\/wp-content\/uploads\/2023\/08\/1.png\" \/>\n\t<meta property=\"og:image:width\" content=\"300\" \/>\n\t<meta property=\"og:image:height\" content=\"300\" \/>\n\t<meta property=\"og:image:type\" content=\"image\/png\" \/>\n<meta name=\"twitter:card\" content=\"summary_large_image\" \/>\n<meta name=\"twitter:title\" content=\"Vision Gallery\" \/>\n<meta name=\"twitter:description\" content=\"Vision Gallery en Nova Plaza: Tu \u00f3ptica de confianza para ex\u00e1menes de la vista, lentes de contacto, gafas de dise\u00f1ador y m\u00e1s. Mejora tu visi\u00f3n y estilo con nosotros\" \/>\n<meta name=\"twitter:label1\" content=\"Tiempo de lectura\" \/>\n\t<meta name=\"twitter:data1\" content=\"2 minutos\" \/>\n<script type=\"application\/ld+json\" class=\"yoast-schema-graph\">{\"@context\":\"https:\/\/schema.org\",\"@graph\":[{\"@type\":\"WebPage\",\"@id\":\"https:\/\/www.novaplazacc.com\/?page_id=112277\",\"url\":\"https:\/\/www.novaplazacc.com\/?page_id=112277\",\"name\":\"Vision Gallery - Tel\u00e9fono 3108562398\",\"isPartOf\":{\"@id\":\"https:\/\/www.novaplazacc.com\/#website\"},\"primaryImageOfPage\":{\"@id\":\"https:\/\/www.novaplazacc.com\/?page_id=112277#primaryimage\"},\"image\":{\"@id\":\"https:\/\/www.novaplazacc.com\/?page_id=112277#primaryimage\"},\"thumbnailUrl\":\"https:\/\/www.novaplazacc.com\/wp-content\/uploads\/2023\/09\/logo-transparente.png\",\"datePublished\":\"2023-09-04T14:18:36+00:00\",\"dateModified\":\"2025-04-05T05:02:58+00:00\",\"description\":\"Vision Gallery en Nova Plaza: Tu \u00f3ptica de confianza para ex\u00e1menes de la vista, lentes de contacto, gafas de dise\u00f1ador y m\u00e1s. Mejora tu visi\u00f3n y estilo con nosotros\",\"breadcrumb\":{\"@id\":\"https:\/\/www.novaplazacc.com\/?page_id=112277#breadcrumb\"},\"inLanguage\":\"es\",\"potentialAction\":[{\"@type\":\"ReadAction\",\"target\":[\"https:\/\/www.novaplazacc.com\/?page_id=112277\"]}]},{\"@type\":\"ImageObject\",\"inLanguage\":\"es\",\"@id\":\"https:\/\/www.novaplazacc.com\/?page_id=112277#primaryimage\",\"url\":\"https:\/\/www.novaplazacc.com\/wp-content\/uploads\/2023\/09\/logo-transparente.png\",\"contentUrl\":\"https:\/\/www.novaplazacc.com\/wp-content\/uploads\/2023\/09\/logo-transparente.png\",\"width\":200,\"height\":200},{\"@type\":\"BreadcrumbList\",\"@id\":\"https:\/\/www.novaplazacc.com\/?page_id=112277#breadcrumb\",\"itemListElement\":[{\"@type\":\"ListItem\",\"position\":1,\"name\":\"Portada\",\"item\":\"https:\/\/www.novaplazacc.com\/\"},{\"@type\":\"ListItem\",\"position\":2,\"name\":\"Vision Gallery\"}]},{\"@type\":\"WebSite\",\"@id\":\"https:\/\/www.novaplazacc.com\/#website\",\"url\":\"https:\/\/www.novaplazacc.com\/\",\"name\":\"Nova Plaza Centro Comercial\",\"description\":\"NovaPlaza Centro Comercial\",\"publisher\":{\"@id\":\"https:\/\/www.novaplazacc.com\/#organization\"},\"potentialAction\":[{\"@type\":\"SearchAction\",\"target\":{\"@type\":\"EntryPoint\",\"urlTemplate\":\"https:\/\/www.novaplazacc.com\/?s={search_term_string}\"},\"query-input\":{\"@type\":\"PropertyValueSpecification\",\"valueRequired\":true,\"valueName\":\"search_term_string\"}}],\"inLanguage\":\"es\"},{\"@type\":\"Organization\",\"@id\":\"https:\/\/www.novaplazacc.com\/#organization\",\"name\":\"Nova Plaza Centro Comercial\",\"url\":\"https:\/\/www.novaplazacc.com\/\",\"logo\":{\"@type\":\"ImageObject\",\"inLanguage\":\"es\",\"@id\":\"https:\/\/www.novaplazacc.com\/#\/schema\/logo\/image\/\",\"url\":\"https:\/\/www.novaplazacc.com\/wp-content\/uploads\/2018\/11\/logo-transparente.png\",\"contentUrl\":\"https:\/\/www.novaplazacc.com\/wp-content\/uploads\/2018\/11\/logo-transparente.png\",\"width\":597,\"height\":349,\"caption\":\"Nova Plaza Centro Comercial\"},\"image\":{\"@id\":\"https:\/\/www.novaplazacc.com\/#\/schema\/logo\/image\/\"},\"sameAs\":[\"https:\/\/www.facebook.com\/NovaPlazaCentroComercial\",\"https:\/\/www.instagram.com\/novaplazacc\/\"]}]}<\/script>\n<!-- \/ Yoast SEO plugin. -->","yoast_head_json":{"title":"Vision Gallery - Tel\u00e9fono 3108562398","description":"Vision Gallery en Nova Plaza: Tu \u00f3ptica de confianza para ex\u00e1menes de la vista, lentes de contacto, gafas de dise\u00f1ador y m\u00e1s. Mejora tu visi\u00f3n y estilo con nosotros","robots":{"index":"index","follow":"follow","max-snippet":"max-snippet:-1","max-image-preview":"max-image-preview:large","max-video-preview":"max-video-preview:-1"},"canonical":"https:\/\/www.novaplazacc.com\/?page_id=112277","og_locale":"es_ES","og_type":"article","og_title":"Vision Gallery","og_description":"Vision Gallery en Nova Plaza: Tu \u00f3ptica de confianza para ex\u00e1menes de la vista, lentes de contacto, gafas de dise\u00f1ador y m\u00e1s. Mejora tu visi\u00f3n y estilo con nosotros","og_url":"https:\/\/www.novaplazacc.com\/?page_id=112277","og_site_name":"Nova Plaza Centro Comercial","article_publisher":"https:\/\/www.facebook.com\/NovaPlazaCentroComercial","article_modified_time":"2025-04-05T05:02:58+00:00","og_image":[{"width":300,"height":300,"url":"https:\/\/www.novaplazacc.com\/wp-content\/uploads\/2023\/08\/1.png","type":"image\/png"}],"twitter_card":"summary_large_image","twitter_title":"Vision Gallery","twitter_description":"Vision Gallery en Nova Plaza: Tu \u00f3ptica de confianza para ex\u00e1menes de la vista, lentes de contacto, gafas de dise\u00f1ador y m\u00e1s. Mejora tu visi\u00f3n y estilo con nosotros","twitter_misc":{"Tiempo de lectura":"2 minutos"},"schema":{"@context":"https:\/\/schema.org","@graph":[{"@type":"WebPage","@id":"https:\/\/www.novaplazacc.com\/?page_id=112277","url":"https:\/\/www.novaplazacc.com\/?page_id=112277","name":"Vision Gallery - Tel\u00e9fono 3108562398","isPartOf":{"@id":"https:\/\/www.novaplazacc.com\/#website"},"primaryImageOfPage":{"@id":"https:\/\/www.novaplazacc.com\/?page_id=112277#primaryimage"},"image":{"@id":"https:\/\/www.novaplazacc.com\/?page_id=112277#primaryimage"},"thumbnailUrl":"https:\/\/www.novaplazacc.com\/wp-content\/uploads\/2023\/09\/logo-transparente.png","datePublished":"2023-09-04T14:18:36+00:00","dateModified":"2025-04-05T05:02:58+00:00","description":"Vision Gallery en Nova Plaza: Tu \u00f3ptica de confianza para ex\u00e1menes de la vista, lentes de contacto, gafas de dise\u00f1ador y m\u00e1s. Mejora tu visi\u00f3n y estilo con nosotros","breadcrumb":{"@id":"https:\/\/www.novaplazacc.com\/?page_id=112277#breadcrumb"},"inLanguage":"es","potentialAction":[{"@type":"ReadAction","target":["https:\/\/www.novaplazacc.com\/?page_id=112277"]}]},{"@type":"ImageObject","inLanguage":"es","@id":"https:\/\/www.novaplazacc.com\/?page_id=112277#primaryimage","url":"https:\/\/www.novaplazacc.com\/wp-content\/uploads\/2023\/09\/logo-transparente.png","contentUrl":"https:\/\/www.novaplazacc.com\/wp-content\/uploads\/2023\/09\/logo-transparente.png","width":200,"height":200},{"@type":"BreadcrumbList","@id":"https:\/\/www.novaplazacc.com\/?page_id=112277#breadcrumb","itemListElement":[{"@type":"ListItem","position":1,"name":"Portada","item":"https:\/\/www.novaplazacc.com\/"},{"@type":"ListItem","position":2,"name":"Vision Gallery"}]},{"@type":"WebSite","@id":"https:\/\/www.novaplazacc.com\/#website","url":"https:\/\/www.novaplazacc.com\/","name":"Nova Plaza Centro Comercial","description":"NovaPlaza Centro Comercial","publisher":{"@id":"https:\/\/www.novaplazacc.com\/#organization"},"potentialAction":[{"@type":"SearchAction","target":{"@type":"EntryPoint","urlTemplate":"https:\/\/www.novaplazacc.com\/?s={search_term_string}"},"query-input":{"@type":"PropertyValueSpecification","valueRequired":true,"valueName":"search_term_string"}}],"inLanguage":"es"},{"@type":"Organization","@id":"https:\/\/www.novaplazacc.com\/#organization","name":"Nova Plaza Centro Comercial","url":"https:\/\/www.novaplazacc.com\/","logo":{"@type":"ImageObject","inLanguage":"es","@id":"https:\/\/www.novaplazacc.com\/#\/schema\/logo\/image\/","url":"https:\/\/www.novaplazacc.com\/wp-content\/uploads\/2018\/11\/logo-transparente.png","contentUrl":"https:\/\/www.novaplazacc.com\/wp-content\/uploads\/2018\/11\/logo-transparente.png","width":597,"height":349,"caption":"Nova Plaza Centro Comercial"},"image":{"@id":"https:\/\/www.novaplazacc.com\/#\/schema\/logo\/image\/"},"sameAs":["https:\/\/www.facebook.com\/NovaPlazaCentroComercial","https:\/\/www.instagram.com\/novaplazacc\/"]}]}},"_links":{"self":[{"href":"https:\/\/www.novaplazacc.com\/index.php?rest_route=\/wp\/v2\/pages\/112277","targetHints":{"allow":["GET"]}}],"collection":[{"href":"https:\/\/www.novaplazacc.com\/index.php?rest_route=\/wp\/v2\/pages"}],"about":[{"href":"https:\/\/www.novaplazacc.com\/index.php?rest_route=\/wp\/v2\/types\/page"}],"author":[{"embeddable":true,"href":"https:\/\/www.novaplazacc.com\/index.php?rest_route=\/wp\/v2\/users\/1"}],"replies":[{"embeddable":true,"href":"https:\/\/www.novaplazacc.com\/index.php?rest_route=%2Fwp%2Fv2%2Fcomments&post=112277"}],"version-history":[{"count":79,"href":"https:\/\/www.novaplazacc.com\/index.php?rest_route=\/wp\/v2\/pages\/112277\/revisions"}],"predecessor-version":[{"id":113840,"href":"https:\/\/www.novaplazacc.com\/index.php?rest_route=\/wp\/v2\/pages\/112277\/revisions\/113840"}],"wp:attachment":[{"href":"https:\/\/www.novaplazacc.com\/index.php?rest_route=%2Fwp%2Fv2%2Fmedia&parent=112277"}],"curies":[{"name":"wp","href":"https:\/\/api.w.org\/{rel}","templated":true}]}}