{"id":114464,"date":"2025-10-09T04:13:04","date_gmt":"2025-10-09T04:13:04","guid":{"rendered":"https:\/\/www.novaplazacc.com\/?page_id=114464"},"modified":"2025-10-09T04:22:54","modified_gmt":"2025-10-09T04:22:54","slug":"concurso-de-pesebres-segunda-version-2025","status":"publish","type":"page","link":"https:\/\/www.novaplazacc.com\/?page_id=114464","title":{"rendered":"Concurso de Pesebres \u2013 Segunda Versi\u00f3n 2025"},"content":{"rendered":"\t\t<div data-elementor-type=\"wp-page\" data-elementor-id=\"114464\" class=\"elementor elementor-114464\">\n\t\t\t\t\t\t<section class=\"elementor-section elementor-top-section elementor-element elementor-element-f332add elementor-section-boxed elementor-section-height-default elementor-section-height-default wpr-particle-no wpr-jarallax-no wpr-parallax-no wpr-sticky-section-no\" data-id=\"f332add\" data-element_type=\"section\">\n\t\t\t\t\t\t<div class=\"elementor-container elementor-column-gap-default\">\n\t\t\t\t\t<div class=\"elementor-column elementor-col-100 elementor-top-column elementor-element elementor-element-25a94d9\" data-id=\"25a94d9\" data-element_type=\"column\">\n\t\t\t<div class=\"elementor-widget-wrap elementor-element-populated\">\n\t\t\t\t\t\t<div class=\"elementor-element elementor-element-bd0cc93 elementor-widget elementor-widget-heading\" data-id=\"bd0cc93\" data-element_type=\"widget\" data-widget_type=\"heading.default\">\n\t\t\t\t<div class=\"elementor-widget-container\">\n\t\t\t\t\t<h2 class=\"elementor-heading-title elementor-size-default\">Concurso de Pesebres \u2013 Segunda Versi\u00f3n 2025<\/h2>\t\t\t\t<\/div>\n\t\t\t\t<\/div>\n\t\t\t\t<div class=\"elementor-element elementor-element-11928a0 elementor-widget elementor-widget-heading\" data-id=\"11928a0\" data-element_type=\"widget\" data-widget_type=\"heading.default\">\n\t\t\t\t<div class=\"elementor-widget-container\">\n\t\t\t\t\t<h2 class=\"elementor-heading-title elementor-size-default\">T\u00e9rminos y condiciones<\/h2>\t\t\t\t<\/div>\n\t\t\t\t<\/div>\n\t\t\t\t\t<\/div>\n\t\t<\/div>\n\t\t\t\t\t<\/div>\n\t\t<\/section>\n\t\t\t\t<section class=\"elementor-section elementor-top-section elementor-element elementor-element-5f2cfba elementor-section-boxed elementor-section-height-default elementor-section-height-default wpr-particle-no wpr-jarallax-no wpr-parallax-no wpr-sticky-section-no\" data-id=\"5f2cfba\" data-element_type=\"section\">\n\t\t\t\t\t\t<div class=\"elementor-container elementor-column-gap-default\">\n\t\t\t\t\t<div class=\"elementor-column elementor-col-100 elementor-top-column elementor-element elementor-element-3a7d9f9\" data-id=\"3a7d9f9\" data-element_type=\"column\">\n\t\t\t<div class=\"elementor-widget-wrap elementor-element-populated\">\n\t\t\t\t\t\t<section class=\"elementor-section elementor-inner-section elementor-element elementor-element-e9d7abf elementor-section-boxed elementor-section-height-default elementor-section-height-default wpr-particle-no wpr-jarallax-no wpr-parallax-no wpr-sticky-section-no\" data-id=\"e9d7abf\" data-element_type=\"section\">\n\t\t\t\t\t\t<div class=\"elementor-container elementor-column-gap-default\">\n\t\t\t\t\t<div class=\"elementor-column elementor-col-100 elementor-inner-column elementor-element elementor-element-13b6cf5\" data-id=\"13b6cf5\" data-element_type=\"column\">\n\t\t\t<div class=\"elementor-widget-wrap elementor-element-populated\">\n\t\t\t\t\t\t<div class=\"elementor-element elementor-element-562c39d elementor-widget elementor-widget-text-editor\" data-id=\"562c39d\" data-element_type=\"widget\" data-widget_type=\"text-editor.default\">\n\t\t\t\t<div class=\"elementor-widget-container\">\n\t\t\t\t\t\t\t\t\t<h3 data-start=\"216\" data-end=\"236\">1. Organizador<\/h3><p data-start=\"237\" data-end=\"348\">El Concurso de Pesebres es organizado por <strong data-start=\"279\" data-end=\"310\">Nova Plaza Centro Comercial<\/strong>, ubicado en Facatativ\u00e1, Cundinamarca.<\/p><hr data-start=\"350\" data-end=\"353\" \/><h3 data-start=\"355\" data-end=\"377\">2. Participantes<\/h3><ul data-start=\"378\" data-end=\"641\"><li data-start=\"378\" data-end=\"566\"><p data-start=\"380\" data-end=\"566\">Podr\u00e1n participar comerciantes, instituciones, colectivos, <strong data-start=\"439\" data-end=\"461\">artistas pl\u00e1sticos<\/strong> y\/o personas naturales que deseen instalar su pesebre en los espacios designados dentro de Nova Plaza.<\/p><\/li><li data-start=\"567\" data-end=\"609\"><p data-start=\"569\" data-end=\"609\">No hay l\u00edmite de edad para participar.<\/p><\/li><li data-start=\"610\" data-end=\"641\"><p data-start=\"612\" data-end=\"641\">La participaci\u00f3n es gratuita.<\/p><\/li><\/ul><hr data-start=\"643\" data-end=\"646\" \/><h3 data-start=\"648\" data-end=\"670\">3. Inscripciones<\/h3><ul data-start=\"671\" data-end=\"899\"><li data-start=\"671\" data-end=\"752\"><p data-start=\"673\" data-end=\"752\">El per\u00edodo de inscripci\u00f3n estar\u00e1 abierto <strong data-start=\"714\" data-end=\"749\">hasta el 5 de noviembre de 2025<\/strong>.<\/p><\/li><li data-start=\"753\" data-end=\"899\"><p data-start=\"755\" data-end=\"899\">Los interesados deber\u00e1n inscribirse en la oficina de administraci\u00f3n del centro comercial o a trav\u00e9s del enlace oficial dispuesto por Nova Plaza.<\/p><\/li><\/ul><hr data-start=\"901\" data-end=\"904\" \/><h3 data-start=\"906\" data-end=\"934\">4. Montaje de pesebres<\/h3><ul data-start=\"935\" data-end=\"1334\"><li data-start=\"935\" data-end=\"1069\"><p data-start=\"937\" data-end=\"1069\">Los pesebres deber\u00e1n estar <strong data-start=\"964\" data-end=\"1001\">instalados en el espacio asignado<\/strong> dentro de Nova Plaza a m\u00e1s tardar el <strong data-start=\"1039\" data-end=\"1066\">20 de noviembre de 2025<\/strong>.<\/p><\/li><li data-start=\"1070\" data-end=\"1241\"><p data-start=\"1072\" data-end=\"1241\">Se aceptan pesebres elaborados con materiales <strong data-start=\"1118\" data-end=\"1195\">tradicionales, ecol\u00f3gicos, creativos, de artistas pl\u00e1sticos e innovadores<\/strong>, siempre que mantengan la esencia navide\u00f1a.<\/p><\/li><li data-start=\"1242\" data-end=\"1334\"><p data-start=\"1244\" data-end=\"1334\">El espacio ser\u00e1 asignado por el centro comercial seg\u00fan disponibilidad y log\u00edstica interna.<\/p><\/li><\/ul><hr data-start=\"1336\" data-end=\"1339\" \/><h3 data-start=\"1341\" data-end=\"1382\">5. Fotograf\u00eda oficial y publicaci\u00f3n<\/h3><ul data-start=\"1383\" data-end=\"1651\"><li data-start=\"1383\" data-end=\"1578\"><p data-start=\"1385\" data-end=\"1578\">Una vez instalado el pesebre, el <strong data-start=\"1418\" data-end=\"1454\">equipo de mercadeo de Nova Plaza<\/strong> tomar\u00e1 la fotograf\u00eda oficial, la cual ser\u00e1 publicada en las redes sociales del centro comercial para iniciar la votaci\u00f3n.<\/p><\/li><li data-start=\"1579\" data-end=\"1651\"><p data-start=\"1581\" data-end=\"1651\">No se aceptar\u00e1n fotograf\u00edas externas o enviadas por los participantes.<\/p><\/li><\/ul><hr data-start=\"1653\" data-end=\"1656\" \/><h3 data-start=\"1658\" data-end=\"1687\">6. Mec\u00e1nica de votaci\u00f3n<\/h3><ul data-start=\"1688\" data-end=\"2060\"><li data-start=\"1688\" data-end=\"1839\"><p data-start=\"1690\" data-end=\"1839\">Ganar\u00e1 el pesebre que obtenga la <strong data-start=\"1723\" data-end=\"1790\">mayor cantidad de \u201cMe gusta\u201d combinados en Facebook e Instagram<\/strong>, en las publicaciones oficiales de Nova Plaza.<\/p><\/li><li data-start=\"1840\" data-end=\"1932\"><p data-start=\"1842\" data-end=\"1932\">Los likes en publicaciones compartidas, historias o comentarios no ser\u00e1n contabilizados.<\/p><\/li><li data-start=\"1933\" data-end=\"2060\"><p data-start=\"1935\" data-end=\"2060\">La votaci\u00f3n estar\u00e1 abierta desde la publicaci\u00f3n oficial de cada pesebre hasta el <strong data-start=\"2016\" data-end=\"2060\">23 de diciembre de 2025 a las 11:59 p.m.<\/strong><\/p><\/li><\/ul><hr data-start=\"2062\" data-end=\"2065\" \/><h3 data-start=\"2067\" data-end=\"2102\">7. Exposici\u00f3n de los pesebres<\/h3><ul data-start=\"2103\" data-end=\"2325\"><li data-start=\"2103\" data-end=\"2214\"><p data-start=\"2105\" data-end=\"2214\">Los pesebres deber\u00e1n permanecer <strong data-start=\"2137\" data-end=\"2211\">expuestos desde el 20 de noviembre de 2025 hasta el 7 de enero de 2026<\/strong>.<\/p><\/li><li data-start=\"2215\" data-end=\"2325\"><p data-start=\"2217\" data-end=\"2325\">Durante este tiempo deben mantenerse en buen estado. Cualquier da\u00f1o deber\u00e1 ser atendido por el participante.<\/p><\/li><\/ul><hr data-start=\"2327\" data-end=\"2330\" \/><h3 data-start=\"2332\" data-end=\"2351\">8. Premiaci\u00f3n<\/h3><ul data-start=\"2352\" data-end=\"2999\"><li data-start=\"2352\" data-end=\"2506\"><p data-start=\"2354\" data-end=\"2506\">Se otorgar\u00e1n <strong data-start=\"2367\" data-end=\"2400\">premios en dinero en efectivo<\/strong> a los dos primeros lugares, as\u00ed:<br data-start=\"2433\" data-end=\"2436\" \/><img decoding=\"async\" class=\"emoji\" role=\"img\" draggable=\"false\" src=\"https:\/\/s.w.org\/images\/core\/emoji\/16.0.1\/svg\/1f947.svg\" alt=\"\ud83e\udd47\" \/> <strong data-start=\"2441\" data-end=\"2458\">Primer lugar:<\/strong> $1.000.000<br data-start=\"2469\" data-end=\"2472\" \/><img decoding=\"async\" class=\"emoji\" role=\"img\" draggable=\"false\" src=\"https:\/\/s.w.org\/images\/core\/emoji\/16.0.1\/svg\/1f948.svg\" alt=\"\ud83e\udd48\" \/> <strong data-start=\"2477\" data-end=\"2495\">Segundo lugar:<\/strong> $500.000<\/p><\/li><li data-start=\"2507\" data-end=\"2661\"><p data-start=\"2509\" data-end=\"2661\">Los ganadores ser\u00e1n determinados por la cantidad de \u201cMe gusta\u201d (likes) obtenidos en las publicaciones oficiales de Nova Plaza en Facebook e Instagram.<\/p><\/li><li data-start=\"2662\" data-end=\"2805\"><p data-start=\"2664\" data-end=\"2805\">En caso de empate, la administraci\u00f3n del centro comercial definir\u00e1 el ganador mediante criterios de creatividad, innovaci\u00f3n y presentaci\u00f3n.<\/p><\/li><li data-start=\"2806\" data-end=\"2899\"><p data-start=\"2808\" data-end=\"2899\">Los ganadores ser\u00e1n anunciados el <strong data-start=\"2842\" data-end=\"2869\">24 de diciembre de 2025<\/strong> y contactados directamente.<\/p><\/li><li data-start=\"2900\" data-end=\"2999\"><p data-start=\"2902\" data-end=\"2999\">El organizador se reserva el derecho de entregar menciones especiales si lo considera pertinente.<\/p><\/li><\/ul><hr data-start=\"3001\" data-end=\"3004\" \/><h3 data-start=\"3006\" data-end=\"3038\">9. Condiciones adicionales<\/h3><ul data-start=\"3039\" data-end=\"3513\"><li data-start=\"3039\" data-end=\"3232\"><p data-start=\"3041\" data-end=\"3232\">Nova Plaza podr\u00e1 descalificar a cualquier participante que incumpla las normas, manipule la votaci\u00f3n, utilice pr\u00e1cticas fraudulentas (como compra de likes) o presente contenido inapropiado.<\/p><\/li><li data-start=\"3233\" data-end=\"3428\"><p data-start=\"3235\" data-end=\"3428\">La participaci\u00f3n en el concurso implica la <strong data-start=\"3278\" data-end=\"3317\">cesi\u00f3n de derechos de uso de imagen<\/strong> de los pesebres y fotograf\u00edas para fines promocionales del centro comercial, sin contraprestaci\u00f3n econ\u00f3mica.<\/p><\/li><li data-start=\"3429\" data-end=\"3513\"><p data-start=\"3431\" data-end=\"3513\">Al participar, los concursantes aceptan \u00edntegramente estos t\u00e9rminos y condiciones.<\/p><\/li><\/ul><hr data-start=\"3515\" data-end=\"3518\" \/><p data-start=\"3520\" data-end=\"3708\"><img decoding=\"async\" class=\"emoji\" role=\"img\" draggable=\"false\" src=\"https:\/\/s.w.org\/images\/core\/emoji\/16.0.1\/svg\/1f4cc.svg\" alt=\"\ud83d\udccc\" \/> <strong data-start=\"3523\" data-end=\"3554\">Nova Plaza Centro Comercial<\/strong> se reserva el derecho de modificar fechas o condiciones del concurso si lo considera necesario, informando previamente a trav\u00e9s de sus canales oficiales.<\/p>\t\t\t\t\t\t\t\t<\/div>\n\t\t\t\t<\/div>\n\t\t\t\t\t<\/div>\n\t\t<\/div>\n\t\t\t\t\t<\/div>\n\t\t<\/section>\n\t\t\t\t\t<\/div>\n\t\t<\/div>\n\t\t\t\t\t<\/div>\n\t\t<\/section>\n\t\t\t\t<\/div>\n\t\t","protected":false},"excerpt":{"rendered":"<p>Concurso de Pesebres \u2013 Segunda Versi\u00f3n 2025<\/p>\n","protected":false},"author":1,"featured_media":0,"parent":0,"menu_order":0,"comment_status":"closed","ping_status":"closed","template":"","meta":{"footnotes":""},"class_list":["post-114464","page","type-page","status-publish","hentry"],"yoast_head":"<!-- This site is optimized with the Yoast SEO plugin v25.4 - https:\/\/yoast.com\/wordpress\/plugins\/seo\/ -->\n<title>Concurso de Pesebres \u2013 Segunda Versi\u00f3n 2025 - Nova Plaza Centro Comercial<\/title>\n<meta name=\"robots\" content=\"index, follow, max-snippet:-1, max-image-preview:large, max-video-preview:-1\" \/>\n<link rel=\"canonical\" href=\"https:\/\/www.novaplazacc.com\/?page_id=114464\" \/>\n<meta property=\"og:locale\" content=\"es_ES\" \/>\n<meta property=\"og:type\" content=\"article\" \/>\n<meta property=\"og:title\" content=\"Concurso de Pesebres \u2013 Segunda Versi\u00f3n 2025 - Nova Plaza Centro Comercial\" \/>\n<meta property=\"og:description\" content=\"Concurso de Pesebres \u2013 Segunda Versi\u00f3n 2025\" \/>\n<meta property=\"og:url\" content=\"https:\/\/www.novaplazacc.com\/?page_id=114464\" \/>\n<meta property=\"og:site_name\" content=\"Nova Plaza Centro Comercial\" \/>\n<meta property=\"article:publisher\" content=\"https:\/\/www.facebook.com\/NovaPlazaCentroComercial\" \/>\n<meta property=\"article:modified_time\" content=\"2025-10-09T04:22:54+00:00\" \/>\n<meta name=\"twitter:card\" content=\"summary_large_image\" \/>\n<meta name=\"twitter:label1\" content=\"Tiempo de lectura\" \/>\n\t<meta name=\"twitter:data1\" content=\"3 minutos\" \/>\n<script type=\"application\/ld+json\" class=\"yoast-schema-graph\">{\"@context\":\"https:\/\/schema.org\",\"@graph\":[{\"@type\":\"WebPage\",\"@id\":\"https:\/\/www.novaplazacc.com\/?page_id=114464\",\"url\":\"https:\/\/www.novaplazacc.com\/?page_id=114464\",\"name\":\"Concurso de Pesebres \u2013 Segunda Versi\u00f3n 2025 - Nova Plaza Centro Comercial\",\"isPartOf\":{\"@id\":\"https:\/\/www.novaplazacc.com\/#website\"},\"datePublished\":\"2025-10-09T04:13:04+00:00\",\"dateModified\":\"2025-10-09T04:22:54+00:00\",\"breadcrumb\":{\"@id\":\"https:\/\/www.novaplazacc.com\/?page_id=114464#breadcrumb\"},\"inLanguage\":\"es\",\"potentialAction\":[{\"@type\":\"ReadAction\",\"target\":[\"https:\/\/www.novaplazacc.com\/?page_id=114464\"]}]},{\"@type\":\"BreadcrumbList\",\"@id\":\"https:\/\/www.novaplazacc.com\/?page_id=114464#breadcrumb\",\"itemListElement\":[{\"@type\":\"ListItem\",\"position\":1,\"name\":\"Portada\",\"item\":\"https:\/\/www.novaplazacc.com\/\"},{\"@type\":\"ListItem\",\"position\":2,\"name\":\"Concurso de Pesebres \u2013 Segunda Versi\u00f3n 2025\"}]},{\"@type\":\"WebSite\",\"@id\":\"https:\/\/www.novaplazacc.com\/#website\",\"url\":\"https:\/\/www.novaplazacc.com\/\",\"name\":\"Nova Plaza Centro Comercial\",\"description\":\"NovaPlaza Centro Comercial\",\"publisher\":{\"@id\":\"https:\/\/www.novaplazacc.com\/#organization\"},\"potentialAction\":[{\"@type\":\"SearchAction\",\"target\":{\"@type\":\"EntryPoint\",\"urlTemplate\":\"https:\/\/www.novaplazacc.com\/?s={search_term_string}\"},\"query-input\":{\"@type\":\"PropertyValueSpecification\",\"valueRequired\":true,\"valueName\":\"search_term_string\"}}],\"inLanguage\":\"es\"},{\"@type\":\"Organization\",\"@id\":\"https:\/\/www.novaplazacc.com\/#organization\",\"name\":\"Nova Plaza Centro Comercial\",\"url\":\"https:\/\/www.novaplazacc.com\/\",\"logo\":{\"@type\":\"ImageObject\",\"inLanguage\":\"es\",\"@id\":\"https:\/\/www.novaplazacc.com\/#\/schema\/logo\/image\/\",\"url\":\"https:\/\/www.novaplazacc.com\/wp-content\/uploads\/2018\/11\/logo-transparente.png\",\"contentUrl\":\"https:\/\/www.novaplazacc.com\/wp-content\/uploads\/2018\/11\/logo-transparente.png\",\"width\":597,\"height\":349,\"caption\":\"Nova Plaza Centro Comercial\"},\"image\":{\"@id\":\"https:\/\/www.novaplazacc.com\/#\/schema\/logo\/image\/\"},\"sameAs\":[\"https:\/\/www.facebook.com\/NovaPlazaCentroComercial\",\"https:\/\/www.instagram.com\/novaplazacc\/\"]}]}<\/script>\n<!-- \/ Yoast SEO plugin. -->","yoast_head_json":{"title":"Concurso de Pesebres \u2013 Segunda Versi\u00f3n 2025 - Nova Plaza Centro Comercial","robots":{"index":"index","follow":"follow","max-snippet":"max-snippet:-1","max-image-preview":"max-image-preview:large","max-video-preview":"max-video-preview:-1"},"canonical":"https:\/\/www.novaplazacc.com\/?page_id=114464","og_locale":"es_ES","og_type":"article","og_title":"Concurso de Pesebres \u2013 Segunda Versi\u00f3n 2025 - Nova Plaza Centro Comercial","og_description":"Concurso de Pesebres \u2013 Segunda Versi\u00f3n 2025","og_url":"https:\/\/www.novaplazacc.com\/?page_id=114464","og_site_name":"Nova Plaza Centro Comercial","article_publisher":"https:\/\/www.facebook.com\/NovaPlazaCentroComercial","article_modified_time":"2025-10-09T04:22:54+00:00","twitter_card":"summary_large_image","twitter_misc":{"Tiempo de lectura":"3 minutos"},"schema":{"@context":"https:\/\/schema.org","@graph":[{"@type":"WebPage","@id":"https:\/\/www.novaplazacc.com\/?page_id=114464","url":"https:\/\/www.novaplazacc.com\/?page_id=114464","name":"Concurso de Pesebres \u2013 Segunda Versi\u00f3n 2025 - Nova Plaza Centro Comercial","isPartOf":{"@id":"https:\/\/www.novaplazacc.com\/#website"},"datePublished":"2025-10-09T04:13:04+00:00","dateModified":"2025-10-09T04:22:54+00:00","breadcrumb":{"@id":"https:\/\/www.novaplazacc.com\/?page_id=114464#breadcrumb"},"inLanguage":"es","potentialAction":[{"@type":"ReadAction","target":["https:\/\/www.novaplazacc.com\/?page_id=114464"]}]},{"@type":"BreadcrumbList","@id":"https:\/\/www.novaplazacc.com\/?page_id=114464#breadcrumb","itemListElement":[{"@type":"ListItem","position":1,"name":"Portada","item":"https:\/\/www.novaplazacc.com\/"},{"@type":"ListItem","position":2,"name":"Concurso de Pesebres \u2013 Segunda Versi\u00f3n 2025"}]},{"@type":"WebSite","@id":"https:\/\/www.novaplazacc.com\/#website","url":"https:\/\/www.novaplazacc.com\/","name":"Nova Plaza Centro Comercial","description":"NovaPlaza Centro Comercial","publisher":{"@id":"https:\/\/www.novaplazacc.com\/#organization"},"potentialAction":[{"@type":"SearchAction","target":{"@type":"EntryPoint","urlTemplate":"https:\/\/www.novaplazacc.com\/?s={search_term_string}"},"query-input":{"@type":"PropertyValueSpecification","valueRequired":true,"valueName":"search_term_string"}}],"inLanguage":"es"},{"@type":"Organization","@id":"https:\/\/www.novaplazacc.com\/#organization","name":"Nova Plaza Centro Comercial","url":"https:\/\/www.novaplazacc.com\/","logo":{"@type":"ImageObject","inLanguage":"es","@id":"https:\/\/www.novaplazacc.com\/#\/schema\/logo\/image\/","url":"https:\/\/www.novaplazacc.com\/wp-content\/uploads\/2018\/11\/logo-transparente.png","contentUrl":"https:\/\/www.novaplazacc.com\/wp-content\/uploads\/2018\/11\/logo-transparente.png","width":597,"height":349,"caption":"Nova Plaza Centro Comercial"},"image":{"@id":"https:\/\/www.novaplazacc.com\/#\/schema\/logo\/image\/"},"sameAs":["https:\/\/www.facebook.com\/NovaPlazaCentroComercial","https:\/\/www.instagram.com\/novaplazacc\/"]}]}},"_links":{"self":[{"href":"https:\/\/www.novaplazacc.com\/index.php?rest_route=\/wp\/v2\/pages\/114464","targetHints":{"allow":["GET"]}}],"collection":[{"href":"https:\/\/www.novaplazacc.com\/index.php?rest_route=\/wp\/v2\/pages"}],"about":[{"href":"https:\/\/www.novaplazacc.com\/index.php?rest_route=\/wp\/v2\/types\/page"}],"author":[{"embeddable":true,"href":"https:\/\/www.novaplazacc.com\/index.php?rest_route=\/wp\/v2\/users\/1"}],"replies":[{"embeddable":true,"href":"https:\/\/www.novaplazacc.com\/index.php?rest_route=%2Fwp%2Fv2%2Fcomments&post=114464"}],"version-history":[{"count":8,"href":"https:\/\/www.novaplazacc.com\/index.php?rest_route=\/wp\/v2\/pages\/114464\/revisions"}],"predecessor-version":[{"id":114472,"href":"https:\/\/www.novaplazacc.com\/index.php?rest_route=\/wp\/v2\/pages\/114464\/revisions\/114472"}],"wp:attachment":[{"href":"https:\/\/www.novaplazacc.com\/index.php?rest_route=%2Fwp%2Fv2%2Fmedia&parent=114464"}],"curies":[{"name":"wp","href":"https:\/\/api.w.org\/{rel}","templated":true}]}}